{"id":102,"date":"2018-11-06T08:57:56","date_gmt":"2018-11-06T08:57:56","guid":{"rendered":"http:\/\/localhost\/dentmedi-theme\/?page_id=88"},"modified":"2018-11-06T08:57:56","modified_gmt":"2018-11-06T08:57:56","slug":"blog-overlay","status":"publish","type":"page","link":"https:\/\/swissecodent.ro\/eng\/blog-overlay\/","title":{"rendered":"Blog Overlay"},"content":{"rendered":"","protected":false},"excerpt":{"rendered":"","protected":false},"author":1,"featured_media":0,"parent":0,"menu_order":19,"comment_status":"closed","ping_status":"closed","template":"","meta":{"footnotes":""},"class_list":["post-102","page","type-page","status-publish","hentry"],"yoast_head":"<!-- This site is optimized with the Yoast SEO plugin v25.3 - https:\/\/yoast.com\/wordpress\/plugins\/seo\/ -->\n<title>Blog Overlay - Swiss Ecodent<\/title>\n<meta name=\"description\" content=\"Clinica Swiss Ecodent a evoluat pentru a oferi un centru de excelen\u021b\u0103 \u00een domeniul stomatologiei. 031 97 95. +40725 448 905. Programeaz\u0103-te acum!\" \/>\n<meta name=\"robots\" content=\"index, follow, max-snippet:-1, max-image-preview:large, max-video-preview:-1\" \/>\n<link rel=\"canonical\" href=\"https:\/\/swissecodent.ro\/eng\/blog-overlay\/\" \/>\n<meta property=\"og:locale\" content=\"en_US\" \/>\n<meta property=\"og:type\" content=\"article\" \/>\n<meta property=\"og:title\" content=\"Blog Overlay - Swiss Ecodent\" \/>\n<meta property=\"og:description\" content=\"Clinica Swiss Ecodent a evoluat pentru a oferi un centru de excelen\u021b\u0103 \u00een domeniul stomatologiei. 031 97 95. +40725 448 905. Programeaz\u0103-te acum!\" \/>\n<meta property=\"og:url\" content=\"https:\/\/swissecodent.ro\/eng\/blog-overlay\/\" \/>\n<meta property=\"og:site_name\" content=\"Swiss Ecodent\" \/>\n<meta property=\"article:publisher\" content=\"https:\/\/www.facebook.com\/SwissEcodent\" \/>\n<meta name=\"twitter:card\" content=\"summary_large_image\" \/>\n<script type=\"application\/ld+json\" class=\"yoast-schema-graph\">{\"@context\":\"https:\/\/schema.org\",\"@graph\":[{\"@type\":\"WebPage\",\"@id\":\"https:\/\/swissecodent.ro\/blog-overlay\/\",\"url\":\"https:\/\/swissecodent.ro\/blog-overlay\/\",\"name\":\"Blog Overlay - Swiss Ecodent\",\"isPartOf\":{\"@id\":\"https:\/\/swissecodent.ro\/#website\"},\"datePublished\":\"2018-11-06T08:57:56+00:00\",\"description\":\"Clinica Swiss Ecodent a evoluat pentru a oferi un centru de excelen\u021b\u0103 \u00een domeniul stomatologiei. 031 97 95. +40725 448 905. Programeaz\u0103-te acum!\",\"breadcrumb\":{\"@id\":\"https:\/\/swissecodent.ro\/blog-overlay\/#breadcrumb\"},\"inLanguage\":\"en-US\",\"potentialAction\":[{\"@type\":\"ReadAction\",\"target\":[\"https:\/\/swissecodent.ro\/blog-overlay\/\"]}]},{\"@type\":\"BreadcrumbList\",\"@id\":\"https:\/\/swissecodent.ro\/blog-overlay\/#breadcrumb\",\"itemListElement\":[{\"@type\":\"ListItem\",\"position\":1,\"name\":\"Prima pagin\u0103\",\"item\":\"https:\/\/swissecodent.ro\/\"},{\"@type\":\"ListItem\",\"position\":2,\"name\":\"Blog Overlay\"}]},{\"@type\":\"WebSite\",\"@id\":\"https:\/\/swissecodent.ro\/#website\",\"url\":\"https:\/\/swissecodent.ro\/\",\"name\":\"Swiss Ecodent\",\"description\":\"Servicii complete de medicin\u0103 dentar\u0103, la standarde elve\u021biene.\",\"publisher\":{\"@id\":\"https:\/\/swissecodent.ro\/#organization\"},\"potentialAction\":[{\"@type\":\"SearchAction\",\"target\":{\"@type\":\"EntryPoint\",\"urlTemplate\":\"https:\/\/swissecodent.ro\/?s={search_term_string}\"},\"query-input\":{\"@type\":\"PropertyValueSpecification\",\"valueRequired\":true,\"valueName\":\"search_term_string\"}}],\"inLanguage\":\"en-US\"},{\"@type\":\"Organization\",\"@id\":\"https:\/\/swissecodent.ro\/#organization\",\"name\":\"Swiss Ecodent\",\"url\":\"https:\/\/swissecodent.ro\/\",\"logo\":{\"@type\":\"ImageObject\",\"inLanguage\":\"en-US\",\"@id\":\"https:\/\/swissecodent.ro\/#\/schema\/logo\/image\/\",\"url\":\"https:\/\/swissecodent.ro\/wp-content\/uploads\/2024\/10\/logo-swiss-ecodent.png\",\"contentUrl\":\"https:\/\/swissecodent.ro\/wp-content\/uploads\/2024\/10\/logo-swiss-ecodent.png\",\"width\":912,\"height\":242,\"caption\":\"Swiss Ecodent\"},\"image\":{\"@id\":\"https:\/\/swissecodent.ro\/#\/schema\/logo\/image\/\"},\"sameAs\":[\"https:\/\/www.facebook.com\/SwissEcodent\"]}]}<\/script>\n<!-- \/ Yoast SEO plugin. -->","yoast_head_json":{"title":"Blog Overlay - Swiss Ecodent","description":"Clinica Swiss Ecodent a evoluat pentru a oferi un centru de excelen\u021b\u0103 \u00een domeniul stomatologiei. 031 97 95. +40725 448 905. Programeaz\u0103-te acum!","robots":{"index":"index","follow":"follow","max-snippet":"max-snippet:-1","max-image-preview":"max-image-preview:large","max-video-preview":"max-video-preview:-1"},"canonical":"https:\/\/swissecodent.ro\/eng\/blog-overlay\/","og_locale":"en_US","og_type":"article","og_title":"Blog Overlay - Swiss Ecodent","og_description":"Clinica Swiss Ecodent a evoluat pentru a oferi un centru de excelen\u021b\u0103 \u00een domeniul stomatologiei. 031 97 95. +40725 448 905. Programeaz\u0103-te acum!","og_url":"https:\/\/swissecodent.ro\/eng\/blog-overlay\/","og_site_name":"Swiss Ecodent","article_publisher":"https:\/\/www.facebook.com\/SwissEcodent","twitter_card":"summary_large_image","schema":{"@context":"https:\/\/schema.org","@graph":[{"@type":"WebPage","@id":"https:\/\/swissecodent.ro\/blog-overlay\/","url":"https:\/\/swissecodent.ro\/blog-overlay\/","name":"Blog Overlay - Swiss Ecodent","isPartOf":{"@id":"https:\/\/swissecodent.ro\/#website"},"datePublished":"2018-11-06T08:57:56+00:00","description":"Clinica Swiss Ecodent a evoluat pentru a oferi un centru de excelen\u021b\u0103 \u00een domeniul stomatologiei. 031 97 95. +40725 448 905. Programeaz\u0103-te acum!","breadcrumb":{"@id":"https:\/\/swissecodent.ro\/blog-overlay\/#breadcrumb"},"inLanguage":"en-US","potentialAction":[{"@type":"ReadAction","target":["https:\/\/swissecodent.ro\/blog-overlay\/"]}]},{"@type":"BreadcrumbList","@id":"https:\/\/swissecodent.ro\/blog-overlay\/#breadcrumb","itemListElement":[{"@type":"ListItem","position":1,"name":"Prima pagin\u0103","item":"https:\/\/swissecodent.ro\/"},{"@type":"ListItem","position":2,"name":"Blog Overlay"}]},{"@type":"WebSite","@id":"https:\/\/swissecodent.ro\/#website","url":"https:\/\/swissecodent.ro\/","name":"Swiss Ecodent","description":"Comprehensive dental services to Swiss standards.","publisher":{"@id":"https:\/\/swissecodent.ro\/#organization"},"potentialAction":[{"@type":"SearchAction","target":{"@type":"EntryPoint","urlTemplate":"https:\/\/swissecodent.ro\/?s={search_term_string}"},"query-input":{"@type":"PropertyValueSpecification","valueRequired":true,"valueName":"search_term_string"}}],"inLanguage":"en-US"},{"@type":"Organization","@id":"https:\/\/swissecodent.ro\/#organization","name":"Swiss Ecodent","url":"https:\/\/swissecodent.ro\/","logo":{"@type":"ImageObject","inLanguage":"en-US","@id":"https:\/\/swissecodent.ro\/#\/schema\/logo\/image\/","url":"https:\/\/swissecodent.ro\/wp-content\/uploads\/2024\/10\/logo-swiss-ecodent.png","contentUrl":"https:\/\/swissecodent.ro\/wp-content\/uploads\/2024\/10\/logo-swiss-ecodent.png","width":912,"height":242,"caption":"Swiss Ecodent"},"image":{"@id":"https:\/\/swissecodent.ro\/#\/schema\/logo\/image\/"},"sameAs":["https:\/\/www.facebook.com\/SwissEcodent"]}]}},"_links":{"self":[{"href":"https:\/\/swissecodent.ro\/eng\/wp-json\/wp\/v2\/pages\/102","targetHints":{"allow":["GET"]}}],"collection":[{"href":"https:\/\/swissecodent.ro\/eng\/wp-json\/wp\/v2\/pages"}],"about":[{"href":"https:\/\/swissecodent.ro\/eng\/wp-json\/wp\/v2\/types\/page"}],"author":[{"embeddable":true,"href":"https:\/\/swissecodent.ro\/eng\/wp-json\/wp\/v2\/users\/1"}],"replies":[{"embeddable":true,"href":"https:\/\/swissecodent.ro\/eng\/wp-json\/wp\/v2\/comments?post=102"}],"version-history":[{"count":0,"href":"https:\/\/swissecodent.ro\/eng\/wp-json\/wp\/v2\/pages\/102\/revisions"}],"wp:attachment":[{"href":"https:\/\/swissecodent.ro\/eng\/wp-json\/wp\/v2\/media?parent=102"}],"curies":[{"name":"wp","href":"https:\/\/api.w.org\/{rel}","templated":true}]}}