{"id":999,"date":"2018-11-27T06:33:12","date_gmt":"2018-11-27T06:33:12","guid":{"rendered":"http:\/\/brivona.themetechmount.com\/?page_id=999"},"modified":"2026-03-18T13:03:23","modified_gmt":"2026-03-18T11:03:23","slug":"terapia-cariilor","status":"publish","type":"page","link":"https:\/\/swissecodent.ro\/eng\/tratamente\/terapia-cariilor\/","title":{"rendered":"Caries therapy"},"content":{"rendered":"<div class=\"wpb-content-wrapper\"><div class=\"tm-row wpb_row vc_row-fluid tm-responsive-custom-51877785 break-991-colum tm-zindex-0 vc_row container tm-bgimage-position-center_center\">\n\n\t\t\n\t\t\n\t\t\n\n<div class=\"wpb_column tm-column vc_column_container vc_col-sm-12 tm-zindex-0\">\n\t<div class=\"vc_column-inner\">\n\t\t\t\t<div class=\"wpb_wrapper\">\n\t\t\t\n\t<div  class=\"wpb_single_image wpb_content_element vc_align_center wpb_content_element\">\n\t\t\n\t\t<figure class=\"wpb_wrapper vc_figure\">\n\t\t\t<div class=\"vc_single_image-wrapper   vc_box_border_grey\"><img loading=\"lazy\" decoding=\"async\" width=\"2560\" height=\"1707\" src=\"https:\/\/swissecodent.ro\/wp-content\/uploads\/2024\/10\/model-tooth-dentist-doctor-shows-patient-tooth-reception-dentist-s-office-scaled.jpg\" class=\"vc_single_image-img attachment-full\" alt=\"Medicul stomatolog arata pacientului un model de dinti\" title=\"Safe, discomfort-free procedures\" srcset=\"https:\/\/swissecodent.ro\/wp-content\/uploads\/2024\/10\/model-tooth-dentist-doctor-shows-patient-tooth-reception-dentist-s-office-scaled.jpg 2560w, https:\/\/swissecodent.ro\/wp-content\/uploads\/2024\/10\/model-tooth-dentist-doctor-shows-patient-tooth-reception-dentist-s-office-300x200.jpg 300w, https:\/\/swissecodent.ro\/wp-content\/uploads\/2024\/10\/model-tooth-dentist-doctor-shows-patient-tooth-reception-dentist-s-office-1024x683.jpg 1024w, https:\/\/swissecodent.ro\/wp-content\/uploads\/2024\/10\/model-tooth-dentist-doctor-shows-patient-tooth-reception-dentist-s-office-768x512.jpg 768w, https:\/\/swissecodent.ro\/wp-content\/uploads\/2024\/10\/model-tooth-dentist-doctor-shows-patient-tooth-reception-dentist-s-office-1536x1024.jpg 1536w, https:\/\/swissecodent.ro\/wp-content\/uploads\/2024\/10\/model-tooth-dentist-doctor-shows-patient-tooth-reception-dentist-s-office-2048x1365.jpg 2048w, https:\/\/swissecodent.ro\/wp-content\/uploads\/2024\/10\/model-tooth-dentist-doctor-shows-patient-tooth-reception-dentist-s-office-1200x800.jpg 1200w\" sizes=\"auto, (max-width: 2560px) 100vw, 2560px\" data-id=\"3865\" \/><\/div>\n\t\t<\/figure>\n\t<\/div>\n<h4 style=\"text-align:left;font-size:26px;\" class=\"tm-custom-heading vc_custom_1750067895133\" >Treatment of dental caries: caries therapy<\/h4>\n<div class=\"vc_separator wpb_content_element vc_separator_align_center vc_sep_width_100 vc_sep_pos_align_center vc_separator_no_text vc_sep_color_grey vc_custom_1543405624280 wpb_content_element  vc_custom_1543405624280 wpb_content_element\" ><span class=\"vc_sep_holder vc_sep_holder_l\"><span class=\"vc_sep_line\"><\/span><\/span><span class=\"vc_sep_holder vc_sep_holder_r\"><span class=\"vc_sep_line\"><\/span><\/span>\n<\/div>\n\t<div class=\"wpb_text_column wpb_content_element vc_custom_1750067901387\" >\n\t\t<div class=\"wpb_wrapper\">\n\t\t\t<p>Dental caries treatment, also known as restorative dentistry, focuses on repairing and restoring tooth structures damaged by decay \u2014 from the enamel to the dental pulp. Dental caries are infectious lesions that destroy the hard tissues of the teeth and, in advanced cases, can also affect the surrounding soft tissues.<\/p>\n\n\t\t<\/div>\n\t<\/div>\n\t\t<\/div>\n\t<\/div>\n<\/div>\n\n\n\n\t\t\n\t<\/div>\n\n\n\n\n\n\n\n\n\n\n\n<div class=\"tm-row wpb_row vc_row-fluid tm-responsive-custom-36468368 break-991-colum tm-zindex-0 vc_row container tm-bgimage-position-center_center\">\n\n\t\t\n\t\t\n\t\t\n\n<div class=\"wpb_column tm-column vc_column_container vc_col-sm-12 tm-zindex-0\">\n\t<div class=\"vc_column-inner\">\n\t\t\t\t<div class=\"wpb_wrapper\">\n\t\t\t<h2 style=\"text-align:left;\" class=\"tm-custom-heading\" >How Caries Treatment Works:<\/h2>\n<div class=\"vc_separator wpb_content_element vc_separator_align_center vc_sep_width_100 vc_sep_pos_align_center vc_separator_no_text vc_sep_color_grey vc_custom_1543405624280 wpb_content_element  vc_custom_1543405624280 wpb_content_element\" ><span class=\"vc_sep_holder vc_sep_holder_l\"><span class=\"vc_sep_line\"><\/span><\/span><span class=\"vc_sep_holder vc_sep_holder_r\"><span class=\"vc_sep_line\"><\/span><\/span>\n<\/div><ol class=\"tm-list tm-list-style-decimal tm-list-icon-color-skincolor tm- tm-icon-skincolor tm-list-textsize-\" type=\"1\"><li><span class=\"tm-list-li-content\">Early Diagnosis: Cavities are often detectable only in their early stages by a dentist during routine checkups. Usually, when cavities become visible to the patient, they are already advanced, presenting as cavities, or causing sensitivity to heat, cold, or touch.\n<\/span><\/li><li><span class=\"tm-list-li-content\">The Importance of Regular Checkups: Early detection of cavities allows for less invasive and less expensive treatment. Therefore, regular dental check-ups are essential to prevent caries progression and associated complications.<\/span><\/li><li><span class=\"tm-list-li-content\">Caries Treatment: At Swiss Ecodent, we apply modern techniques and biocompatible materials to treat dental caries. This may include cleaning lesions, restoring with high-quality fillings or, in more severe cases, endodontic treatments to save the affected tooth.\n<\/span><\/li><li><span class=\"tm-list-li-content\">Preventing Complications: Untreated cavities can lead to damage to the pulp of the tooth and can cause severe infections that may require tooth extraction. It is therefore crucial to intervene early and follow your dentist's recommendations to maintain optimal dental health.\n<\/span><\/li><\/ol>\n\t<div class=\"wpb_video_widget wpb_content_element vc_clearfix   vc_video-aspect-ratio-169 vc_video-el-width-100 vc_video-align-left\" >\n\t\t<div class=\"wpb_wrapper\">\n\t\t\t\n\t\t\t<div class=\"wpb_video_wrapper\"><iframe loading=\"lazy\" title=\"Dental Restoration with Waterlase Laser Dentistry - BIOLASE\" width=\"413\" height=\"310\" src=\"https:\/\/www.youtube.com\/embed\/u-uz7xYsKqw?list=PLxAW0_tEMLep_yc9mmIWXylqU6Zsw2rRu\" frameborder=\"0\" allow=\"accelerometer; autoplay; clipboard-write; encrypted-media; gyroscope; picture-in-picture; web-share\" referrerpolicy=\"strict-origin-when-cross-origin\" allowfullscreen><\/iframe><\/div>\n\t\t<\/div>\n\t<\/div>\n<h2 style=\"text-align:left;\" class=\"tm-custom-heading\" >Benefits of Caries Treatment at Swiss Ecodent:<\/h2>\n<div class=\"vc_separator wpb_content_element vc_separator_align_center vc_sep_width_100 vc_sep_pos_align_center vc_separator_no_text vc_sep_color_grey vc_custom_1543405631208 wpb_content_element  vc_custom_1543405631208 wpb_content_element\" ><span class=\"vc_sep_holder vc_sep_holder_l\"><span class=\"vc_sep_line\"><\/span><\/span><span class=\"vc_sep_holder vc_sep_holder_r\"><span class=\"vc_sep_line\"><\/span><\/span>\n<\/div><div  class=\"vc_do_toggle vc_toggle vc_toggle_round vc_toggle_color_skincolor vc_toggle_color_inverted vc_toggle_size_md vc_custom_1729265887819\"><div class=\"vc_toggle_title\"><h4>Biocompatible Material:<\/h4><i class=\"vc_toggle_icon\"><\/i><\/div><div class=\"vc_toggle_content\"><p>We use high-quality materials that blend perfectly with the natural tooth, ensuring an esthetic and functional restoration.<\/p>\n<\/div><\/div><div  class=\"vc_do_toggle vc_toggle vc_toggle_round vc_toggle_color_skincolor vc_toggle_color_inverted vc_toggle_size_md\"><div class=\"vc_toggle_title\"><h4>Advanced Techniques:<\/h4><i class=\"vc_toggle_icon\"><\/i><\/div><div class=\"vc_toggle_content\"><p>We apply modern techniques that minimize discomfort and maximize treatment effectiveness.<\/p>\n<\/div><\/div><div  class=\"vc_do_toggle vc_toggle vc_toggle_round vc_toggle_color_skincolor vc_toggle_color_inverted vc_toggle_size_md\"><div class=\"vc_toggle_title\"><h4>Personalized Care:<\/h4><i class=\"vc_toggle_icon\"><\/i><\/div><div class=\"vc_toggle_content\"><p>Each treatment is customized to the patient's individual needs, ensuring the best results.<\/p>\n<\/div><\/div>\n\t<div class=\"wpb_text_column wpb_content_element\" >\n\t\t<div class=\"wpb_wrapper\">\n\t\t\t<p>In conclusion, treating dental caries is essential for maintaining oral health and preventing serious complications. By scheduling regular checkups and addressing cavities in their early stages, you can ensure a healthy, beautiful smile for years to come. We look forward to welcoming you to Swiss Ecodent Clinic for a comprehensive evaluation and high-quality care.<\/p>\n\n\t\t<\/div>\n\t<\/div>\n\n\t<div class=\"wpb_video_widget wpb_content_element vc_clearfix   vc_video-aspect-ratio-169 vc_video-el-width-100 vc_video-align-left\" >\n\t\t<div class=\"wpb_wrapper\">\n\t\t\t\n\t\t\t<div class=\"wpb_video_wrapper\"><iframe loading=\"lazy\" title=\"Restorative Class V - Waterlase Laser Dentistry\" width=\"413\" height=\"310\" src=\"https:\/\/www.youtube.com\/embed\/HryUPPppYqg?list=PLxAW0_tEMLep_yc9mmIWXylqU6Zsw2rRu\" frameborder=\"0\" allow=\"accelerometer; autoplay; clipboard-write; encrypted-media; gyroscope; picture-in-picture; web-share\" referrerpolicy=\"strict-origin-when-cross-origin\" allowfullscreen><\/iframe><\/div>\n\t\t<\/div>\n\t<\/div>\n\t\t<\/div>\n\t<\/div>\n<\/div>\n\n\n\n\t\t\n\t<\/div>\n\n\n\n\n\n\n\n\n\n\n\n<div class=\"tm-row wpb_row vc_row-fluid tm-responsive-custom-57803229 tm-zindex-0 vc_row container tm-bgimage-position-center_center\">\n\n\t\t\n\t\t\n\t\t\n\n<div class=\"wpb_column tm-column vc_column_container vc_col-sm-12 tm-zindex-0\">\n\t<div class=\"vc_column-inner\">\n\t\t\t\t<div class=\"wpb_wrapper\">\n\t\t\t<div class=\"tm-element-heading-wrapper tm-heading-inner tm-element-align-left tm-seperator-none tm-heading-style-vertical  vc_custom_1773667936937\"><section class=\"tm-vc_cta3-container\"><div class=\"tm-vc_general tm-vc_cta3 tm-cta3-only tm-vc_cta3-style-classic tm-vc_cta3-shape-rounded tm-vc_cta3-align-left tm-vc_cta3-color-transparent tm-vc_cta3-icon-size-md tm-vc_cta3-actions-no tm-cta3-without-desc\"><div class=\"tm-vc_cta3_content-container\"><div class=\"tm-vc_cta3-content\"><header class=\"tm-vc_cta3-content-header tm-wrap\"><div class=\"tm-vc_cta3-headers tm-wrap-cell\"><h4 class=\"tm-custom-heading\" >Specialist in dental surgery, implantology and periodontology<\/h4>\n<h2 class=\"tm-custom-heading\" >Prof. Dr. Dr. Dr. Christian Marmandiu<\/h2>\n<\/div><div class=\"heading-seperator\"><span><\/span><\/div><\/header><\/div><\/div><\/div><\/section><\/div> <!-- .tm-element-heading-wrapper container --> \n<div class=\"tm-row-inner vc_row wpb_row vc_inner vc_row-fluid tm-zindex-0\">\n\t\n<div class=\"wpb_column tm-column-inner vc_column_container vc_col-sm-6 tm-zindex-0\">\n\t<div class=\"vc_column-inner\">\n\t\t \n\t\t<div class=\"wpb_wrapper\">\n\t\t\t\n\t<div class=\"wpb_text_column wpb_content_element vc_custom_1773668334573\" >\n\t\t<div class=\"wpb_wrapper\">\n\t\t\t<p><b>Prof. Dr. Dr. Dr. Christian Marmandiu<\/b><span style=\"font-weight: 400;\"> este unul dintre cei mai experimenta\u021bi speciali\u0219ti europeni \u00een implantologie \u0219i chirurgie oral\u0103, cu o carier\u0103 de peste 35 de ani. Cu tripl\u0103 specializare \u0219i o vast\u0103 experien\u021b\u0103 clinic\u0103, a realizat peste 30.000 de implanturi dentare, fiind recunoscut pentru expertiza sa \u00een reabilit\u0103ri orale complexe \u0219i utilizarea tehnologiilor moderne, inclusiv implantologie asistat\u0103 laser \u0219i chirurgie ghidat\u0103, precum \u0219i pentru abord\u0103rile integrate care includ <\/span><b>preven\u021bia \u0219i terapia cariilor<\/b><span style=\"font-weight: 400;\">, pentru men\u021binerea s\u0103n\u0103t\u0103\u021bii dentare pe termen lung.<\/span><\/p>\n<p><span style=\"font-weight: 400;\">He is the founder <\/span><b>Swiss Ecodent Clinic in Bucharest<\/b><span style=\"font-weight: 400;\">, combin\u00e2nd tehnologia de ultim\u0103 genera\u021bie cu abord\u0103ri multidisciplinare pentru a oferi pacien\u021bilor solu\u021bii moderne, sigure \u0219i personalizate, care integreaz\u0103 implantologia, protetica \u0219i <\/span><b>tratamentele preventive ale cariilor<\/b><span style=\"font-weight: 400;\">, pentru restaur\u0103ri durabile \u0219i estetice.<\/span><\/p>\n<p><span style=\"font-weight: 400;\">Pe parcursul carierei, a ob\u021binut numeroase diplome \u0219i certific\u0103ri interna\u021bionale \u0219i face parte din organiza\u021bii de prestigiu precum International Implant Foundation, European Association of Dental Implantologists, American Board of Oral Implantology \u0219i multe altele, reflect\u00e2nd recunoa\u0219terea interna\u021bional\u0103 a expertizei sale \u0219i \u00een preven\u021bia \u0219i tratamentele complexe dentare.<\/span><\/p>\n<p><a href=\"https:\/\/swissecodent.ro\/eng\/despre-noi\/\">See more<\/a><\/p>\n\n\t\t<\/div>\n\t<\/div>\n\t\t<\/div>\n\t<\/div>\n<\/div>\n\n\n<div class=\"wpb_column tm-column-inner vc_column_container vc_col-sm-6 tm-zindex-0\">\n\t<div class=\"vc_column-inner\">\n\t\t \n\t\t<div class=\"wpb_wrapper\">\n\t\t\t\n\t<div  class=\"wpb_single_image wpb_content_element vc_align_left wpb_content_element vc_custom_1773150554665\">\n\t\t\n\t\t<figure class=\"wpb_wrapper vc_figure\">\n\t\t\t<div class=\"vc_single_image-wrapper   vc_box_border_grey\"><img decoding=\"async\" class=\"vc_single_image-img\" src=\"https:\/\/swissecodent.ro\/wp-content\/uploads\/2024\/11\/Christian-Marmandiu-Swiss-Ecodent-300x450.jpg\" width=\"300\" height=\"450\" alt=\"Medic stomatolog Dr. Christian Marmandiu\" title=\"Christian Marmandiu - Swiss Ecodent\" loading=\"lazy\" \/><\/div>\n\t\t<\/figure>\n\t<\/div>\n\t\t<\/div>\n\t<\/div>\n<\/div>\n\n<\/div>\n\n\t\t<\/div>\n\t<\/div>\n<\/div>\n\n\n\n\t\t\n\t<\/div>\n\n\n\n\n\n\n\n\n\n\n\n<div class=\"tm-row wpb_row vc_row-fluid tm-responsive-custom-57803229 tm-zindex-0 vc_row container tm-bgimage-position-center_center\">\n\n\t\t\n\t\t\n\t\t\n\n<div class=\"wpb_column tm-column vc_column_container vc_col-sm-12 tm-zindex-0\">\n\t<div class=\"vc_column-inner\">\n\t\t\t\t<div class=\"wpb_wrapper\">\n\t\t\t<div class=\"tm-element-heading-wrapper tm-heading-inner tm-element-align-left tm-seperator-none tm-heading-style-vertical  vc_custom_1755104468942\"><section class=\"tm-vc_cta3-container\"><div class=\"tm-vc_general tm-vc_cta3 tm-cta3-only tm-vc_cta3-style-classic tm-vc_cta3-shape-rounded tm-vc_cta3-align-left tm-vc_cta3-color-transparent tm-vc_cta3-icon-size-md tm-vc_cta3-actions-no tm-cta3-without-desc\"><div class=\"tm-vc_cta3_content-container\"><div class=\"tm-vc_cta3-content\"><header class=\"tm-vc_cta3-content-header tm-wrap\"><div class=\"tm-vc_cta3-headers tm-wrap-cell\"><h4 class=\"tm-custom-heading\" >Specialist Microscopic Endodontics &amp; Advanced Endodontic Therapy<\/h4>\n<h2 class=\"tm-custom-heading\" >Dr. Mhana Mhana<\/h2>\n<\/div><div class=\"heading-seperator\"><span><\/span><\/div><\/header><\/div><\/div><\/div><\/section><\/div> <!-- .tm-element-heading-wrapper container --> \n<div class=\"tm-row-inner vc_row wpb_row vc_inner vc_row-fluid tm-zindex-0\">\n\t\n<div class=\"wpb_column tm-column-inner vc_column_container vc_col-sm-6 tm-zindex-0\">\n\t<div class=\"vc_column-inner\">\n\t\t \n\t\t<div class=\"wpb_wrapper\">\n\t\t\t\n\t<div class=\"wpb_text_column wpb_content_element vc_custom_1773667951166\" >\n\t\t<div class=\"wpb_wrapper\">\n\t\t\t<p><b>Dr. Mhana Mhana<\/b><span style=\"font-weight: 400;\"> is a specialist in endodontics, with a solid expertise in microscopic treatments, dedicated to saving teeth affected by deep lesions or severe infections. A graduate of the Faculty of Dentistry \u201eCarol Davila\u201d in Bucharest, Dr. Mhana has consolidated his professional training through advanced endodontic refresher courses, both in the country and internationally.<\/span><\/p>\n<p><span style=\"font-weight: 400;\">Cu o precizie remarcabil\u0103 \u0219i o aten\u021bie deosebit\u0103 la detalii, Dr. Mhana ofer\u0103 tratamente minim invazive \u0219i eficiente, fiind recunoscut pentru experien\u021ba sa \u00een endodon\u021be \u0219i <\/span><b>\u00een identificarea \u0219i tratarea cariilor<\/b><span style=\"font-weight: 400;\"> chiar \u0219i \u00een stadii dificile. <\/span><b>Caries therapy<\/b><span style=\"font-weight: 400;\"> realizat\u0103 de Dr. Mhana previne complica\u021biile \u0219i contribuie la men\u021binerea s\u0103n\u0103t\u0103\u021bii \u0219i integrit\u0103\u021bii din\u021bilor. R\u0103bdarea \u0219i calmul cu care lucreaz\u0103 transform\u0103 chiar \u0219i cele mai complexe tratamente \u00eentr-o experien\u021b\u0103 confortabil\u0103 pentru pacien\u021bi.<\/span><\/p>\n\n\t\t<\/div>\n\t<\/div>\n\t\t<\/div>\n\t<\/div>\n<\/div>\n\n\n<div class=\"wpb_column tm-column-inner vc_column_container vc_col-sm-6 tm-zindex-0\">\n\t<div class=\"vc_column-inner\">\n\t\t \n\t\t<div class=\"wpb_wrapper\">\n\t\t\t\n\t<div  class=\"wpb_single_image wpb_content_element vc_align_left wpb_content_element vc_custom_1755104500669\">\n\t\t\n\t\t<figure class=\"wpb_wrapper vc_figure\">\n\t\t\t<div class=\"vc_single_image-wrapper   vc_box_border_grey\"><img decoding=\"async\" class=\"vc_single_image-img\" src=\"https:\/\/swissecodent.ro\/wp-content\/uploads\/2025\/08\/WhatsApp-Image-2025-08-13-at-18.59.58_8870282f-300x450.jpg\" width=\"300\" height=\"450\" alt=\"WhatsApp Image 2025-08-13 at 18.59.58_8870282f\" title=\"WhatsApp Image 2025-08-13 at 18.59.58_8870282f\" loading=\"lazy\" \/><\/div>\n\t\t<\/figure>\n\t<\/div>\n\t\t<\/div>\n\t<\/div>\n<\/div>\n\n<\/div>\n\n\t\t<\/div>\n\t<\/div>\n<\/div>\n\n\n\n\t\t\n\t<\/div>\n\n\n\n\n\n\n\n\n\n\n\n<div class=\"tm-row wpb_row vc_row-fluid tm-zindex-0 vc_row container tm-bgimage-position-center_center\">\n\n\t\t\n\t\t\n\t\t\n\n<div class=\"wpb_column tm-column vc_column_container vc_col-sm-12 tm-zindex-0\">\n\t<div class=\"vc_column-inner\">\n\t\t\t\t<div class=\"wpb_wrapper\">\n\t\t\t\t\t<\/div>\n\t<\/div>\n<\/div>\n\n\n\n\t\t\n\t<\/div>\n<\/div>","protected":false},"excerpt":{"rendered":"Tratamentul Cariilor Dentare: Terapia Cariilor Tratamentul cariilor dentare, cunoscut \u0219i sub denumirea de Odontoterapie, se concentreaz\u0103 pe repararea \u0219i restaurarea structurii dentare afectate de carii, de la smal\u021bul dentar p\u00e2n\u0103 la pulpa dintelui. Cariile dentare sunt leziuni infec\u021bioase care distrug \u021besuturile dure ale din\u021bilor \u0219i, \u00een cazuri avansate, pot afecta \u0219i \u021besuturile moi adiacente. Cum &hellip; <a href=\"https:\/\/swissecodent.ro\/eng\/tratamente\/terapia-cariilor\/\" class=\"more-link\">Continue reading <span class=\"screen-reader-text\">Caries therapy<\/span><\/a>","protected":false},"author":1,"featured_media":0,"parent":425,"menu_order":22,"comment_status":"closed","ping_status":"closed","template":"","meta":{"footnotes":""},"class_list":["post-999","page","type-page","status-publish","hentry"],"yoast_head":"<!-- This site is optimized with the Yoast SEO plugin v25.3 - https:\/\/yoast.com\/wordpress\/plugins\/seo\/ -->\n<title>Terapia cariilor - Swiss Ecodent<\/title>\n<meta name=\"description\" content=\"Tratamentul cariilor dentare este esen\u021bial pentru men\u021binerea s\u0103n\u0103t\u0103\u021bii dentare. V\u0103 a\u0219tept\u0103m la clinica noastra pentru o evaluare complet\u0103.\" \/>\n<meta name=\"robots\" content=\"index, follow, max-snippet:-1, max-image-preview:large, max-video-preview:-1\" \/>\n<link rel=\"canonical\" href=\"https:\/\/swissecodent.ro\/eng\/tratamente\/terapia-cariilor\/\" \/>\n<meta property=\"og:locale\" content=\"en_US\" \/>\n<meta property=\"og:type\" content=\"article\" \/>\n<meta property=\"og:title\" content=\"Terapia cariilor - Swiss Ecodent\" \/>\n<meta property=\"og:description\" content=\"Tratamentul cariilor dentare este esen\u021bial pentru men\u021binerea s\u0103n\u0103t\u0103\u021bii dentare. V\u0103 a\u0219tept\u0103m la clinica noastra pentru o evaluare complet\u0103.\" \/>\n<meta property=\"og:url\" content=\"https:\/\/swissecodent.ro\/eng\/tratamente\/terapia-cariilor\/\" \/>\n<meta property=\"og:site_name\" content=\"Swiss Ecodent\" \/>\n<meta property=\"article:publisher\" content=\"https:\/\/www.facebook.com\/SwissEcodent\" \/>\n<meta property=\"article:modified_time\" content=\"2026-03-18T11:03:23+00:00\" \/>\n<meta name=\"twitter:card\" content=\"summary_large_image\" \/>\n<meta name=\"twitter:label1\" content=\"Est. reading time\" \/>\n\t<meta name=\"twitter:data1\" content=\"2 minutes\" \/>\n<script type=\"application\/ld+json\" class=\"yoast-schema-graph\">{\"@context\":\"https:\/\/schema.org\",\"@graph\":[{\"@type\":\"WebPage\",\"@id\":\"https:\/\/swissecodent.ro\/tratamente\/terapia-cariilor\/\",\"url\":\"https:\/\/swissecodent.ro\/tratamente\/terapia-cariilor\/\",\"name\":\"Terapia cariilor - Swiss Ecodent\",\"isPartOf\":{\"@id\":\"https:\/\/swissecodent.ro\/#website\"},\"datePublished\":\"2018-11-27T06:33:12+00:00\",\"dateModified\":\"2026-03-18T11:03:23+00:00\",\"description\":\"Tratamentul cariilor dentare este esen\u021bial pentru men\u021binerea s\u0103n\u0103t\u0103\u021bii dentare. V\u0103 a\u0219tept\u0103m la clinica noastra pentru o evaluare complet\u0103.\",\"breadcrumb\":{\"@id\":\"https:\/\/swissecodent.ro\/tratamente\/terapia-cariilor\/#breadcrumb\"},\"inLanguage\":\"en-US\",\"potentialAction\":[{\"@type\":\"ReadAction\",\"target\":[\"https:\/\/swissecodent.ro\/tratamente\/terapia-cariilor\/\"]}]},{\"@type\":\"BreadcrumbList\",\"@id\":\"https:\/\/swissecodent.ro\/tratamente\/terapia-cariilor\/#breadcrumb\",\"itemListElement\":[{\"@type\":\"ListItem\",\"position\":1,\"name\":\"Prima pagin\u0103\",\"item\":\"https:\/\/swissecodent.ro\/\"},{\"@type\":\"ListItem\",\"position\":2,\"name\":\"Tratamente\",\"item\":\"https:\/\/swissecodent.ro\/tratamente\/\"},{\"@type\":\"ListItem\",\"position\":3,\"name\":\"Terapia cariilor\"}]},{\"@type\":\"WebSite\",\"@id\":\"https:\/\/swissecodent.ro\/#website\",\"url\":\"https:\/\/swissecodent.ro\/\",\"name\":\"Swiss Ecodent\",\"description\":\"Servicii complete de medicin\u0103 dentar\u0103, la standarde elve\u021biene.\",\"publisher\":{\"@id\":\"https:\/\/swissecodent.ro\/#organization\"},\"potentialAction\":[{\"@type\":\"SearchAction\",\"target\":{\"@type\":\"EntryPoint\",\"urlTemplate\":\"https:\/\/swissecodent.ro\/?s={search_term_string}\"},\"query-input\":{\"@type\":\"PropertyValueSpecification\",\"valueRequired\":true,\"valueName\":\"search_term_string\"}}],\"inLanguage\":\"en-US\"},{\"@type\":\"Organization\",\"@id\":\"https:\/\/swissecodent.ro\/#organization\",\"name\":\"Swiss Ecodent\",\"url\":\"https:\/\/swissecodent.ro\/\",\"logo\":{\"@type\":\"ImageObject\",\"inLanguage\":\"en-US\",\"@id\":\"https:\/\/swissecodent.ro\/#\/schema\/logo\/image\/\",\"url\":\"https:\/\/swissecodent.ro\/wp-content\/uploads\/2024\/10\/logo-swiss-ecodent.png\",\"contentUrl\":\"https:\/\/swissecodent.ro\/wp-content\/uploads\/2024\/10\/logo-swiss-ecodent.png\",\"width\":912,\"height\":242,\"caption\":\"Swiss Ecodent\"},\"image\":{\"@id\":\"https:\/\/swissecodent.ro\/#\/schema\/logo\/image\/\"},\"sameAs\":[\"https:\/\/www.facebook.com\/SwissEcodent\"]}]}<\/script>\n<!-- \/ Yoast SEO plugin. -->","yoast_head_json":{"title":"Terapia cariilor - Swiss Ecodent","description":"Tratamentul cariilor dentare este esen\u021bial pentru men\u021binerea s\u0103n\u0103t\u0103\u021bii dentare. V\u0103 a\u0219tept\u0103m la clinica noastra pentru o evaluare complet\u0103.","robots":{"index":"index","follow":"follow","max-snippet":"max-snippet:-1","max-image-preview":"max-image-preview:large","max-video-preview":"max-video-preview:-1"},"canonical":"https:\/\/swissecodent.ro\/eng\/tratamente\/terapia-cariilor\/","og_locale":"en_US","og_type":"article","og_title":"Terapia cariilor - Swiss Ecodent","og_description":"Tratamentul cariilor dentare este esen\u021bial pentru men\u021binerea s\u0103n\u0103t\u0103\u021bii dentare. V\u0103 a\u0219tept\u0103m la clinica noastra pentru o evaluare complet\u0103.","og_url":"https:\/\/swissecodent.ro\/eng\/tratamente\/terapia-cariilor\/","og_site_name":"Swiss Ecodent","article_publisher":"https:\/\/www.facebook.com\/SwissEcodent","article_modified_time":"2026-03-18T11:03:23+00:00","twitter_card":"summary_large_image","twitter_misc":{"Est. reading time":"2 minutes"},"schema":{"@context":"https:\/\/schema.org","@graph":[{"@type":"WebPage","@id":"https:\/\/swissecodent.ro\/tratamente\/terapia-cariilor\/","url":"https:\/\/swissecodent.ro\/tratamente\/terapia-cariilor\/","name":"Terapia cariilor - Swiss Ecodent","isPartOf":{"@id":"https:\/\/swissecodent.ro\/#website"},"datePublished":"2018-11-27T06:33:12+00:00","dateModified":"2026-03-18T11:03:23+00:00","description":"Tratamentul cariilor dentare este esen\u021bial pentru men\u021binerea s\u0103n\u0103t\u0103\u021bii dentare. V\u0103 a\u0219tept\u0103m la clinica noastra pentru o evaluare complet\u0103.","breadcrumb":{"@id":"https:\/\/swissecodent.ro\/tratamente\/terapia-cariilor\/#breadcrumb"},"inLanguage":"en-US","potentialAction":[{"@type":"ReadAction","target":["https:\/\/swissecodent.ro\/tratamente\/terapia-cariilor\/"]}]},{"@type":"BreadcrumbList","@id":"https:\/\/swissecodent.ro\/tratamente\/terapia-cariilor\/#breadcrumb","itemListElement":[{"@type":"ListItem","position":1,"name":"Prima pagin\u0103","item":"https:\/\/swissecodent.ro\/"},{"@type":"ListItem","position":2,"name":"Tratamente","item":"https:\/\/swissecodent.ro\/tratamente\/"},{"@type":"ListItem","position":3,"name":"Terapia cariilor"}]},{"@type":"WebSite","@id":"https:\/\/swissecodent.ro\/#website","url":"https:\/\/swissecodent.ro\/","name":"Swiss Ecodent","description":"Comprehensive dental services to Swiss standards.","publisher":{"@id":"https:\/\/swissecodent.ro\/#organization"},"potentialAction":[{"@type":"SearchAction","target":{"@type":"EntryPoint","urlTemplate":"https:\/\/swissecodent.ro\/?s={search_term_string}"},"query-input":{"@type":"PropertyValueSpecification","valueRequired":true,"valueName":"search_term_string"}}],"inLanguage":"en-US"},{"@type":"Organization","@id":"https:\/\/swissecodent.ro\/#organization","name":"Swiss Ecodent","url":"https:\/\/swissecodent.ro\/","logo":{"@type":"ImageObject","inLanguage":"en-US","@id":"https:\/\/swissecodent.ro\/#\/schema\/logo\/image\/","url":"https:\/\/swissecodent.ro\/wp-content\/uploads\/2024\/10\/logo-swiss-ecodent.png","contentUrl":"https:\/\/swissecodent.ro\/wp-content\/uploads\/2024\/10\/logo-swiss-ecodent.png","width":912,"height":242,"caption":"Swiss Ecodent"},"image":{"@id":"https:\/\/swissecodent.ro\/#\/schema\/logo\/image\/"},"sameAs":["https:\/\/www.facebook.com\/SwissEcodent"]}]}},"_links":{"self":[{"href":"https:\/\/swissecodent.ro\/eng\/wp-json\/wp\/v2\/pages\/999","targetHints":{"allow":["GET"]}}],"collection":[{"href":"https:\/\/swissecodent.ro\/eng\/wp-json\/wp\/v2\/pages"}],"about":[{"href":"https:\/\/swissecodent.ro\/eng\/wp-json\/wp\/v2\/types\/page"}],"author":[{"embeddable":true,"href":"https:\/\/swissecodent.ro\/eng\/wp-json\/wp\/v2\/users\/1"}],"replies":[{"embeddable":true,"href":"https:\/\/swissecodent.ro\/eng\/wp-json\/wp\/v2\/comments?post=999"}],"version-history":[{"count":34,"href":"https:\/\/swissecodent.ro\/eng\/wp-json\/wp\/v2\/pages\/999\/revisions"}],"predecessor-version":[{"id":5134,"href":"https:\/\/swissecodent.ro\/eng\/wp-json\/wp\/v2\/pages\/999\/revisions\/5134"}],"up":[{"embeddable":true,"href":"https:\/\/swissecodent.ro\/eng\/wp-json\/wp\/v2\/pages\/425"}],"wp:attachment":[{"href":"https:\/\/swissecodent.ro\/eng\/wp-json\/wp\/v2\/media?parent=999"}],"curies":[{"name":"wp","href":"https:\/\/api.w.org\/{rel}","templated":true}]}}